{"id":1374,"date":"2016-11-14T19:34:39","date_gmt":"2016-11-14T18:34:39","guid":{"rendered":"http:\/\/vfa.ch\/it\/?page_id=1374"},"modified":"2026-01-28T12:37:06","modified_gmt":"2026-01-28T11:37:06","slug":"consiglio-di-fondazione","status":"publish","type":"page","link":"https:\/\/vfa-fpa.ch\/it\/chi-siamo\/consiglio-di-fondazione\/","title":{"rendered":"Consiglio di fondazione"},"content":{"rendered":"<p>[et_pb_section fb_built=&#8221;1&#8243; admin_label=&#8221;section&#8221; _builder_version=&#8221;4.16&#8243; global_colors_info=&#8221;{}&#8221;][et_pb_row admin_label=&#8221;row&#8221; _builder_version=&#8221;4.16&#8243; background_size=&#8221;initial&#8221; background_position=&#8221;top_left&#8221; background_repeat=&#8221;repeat&#8221; global_colors_info=&#8221;{}&#8221;][et_pb_column type=&#8221;4_4&#8243; _builder_version=&#8221;4.16&#8243; custom_padding=&#8221;|||&#8221; global_colors_info=&#8221;{}&#8221; custom_padding__hover=&#8221;|||&#8221;][et_pb_post_title meta=&#8221;off&#8221; featured_placement=&#8221;above&#8221; admin_label=&#8221;Titel (wird vom oberen Titel Feld autom. bezogen)&#8221; _builder_version=&#8221;4.16&#8243; title_all_caps=&#8221;off&#8221; background_color=&#8221;rgba(255,255,255,0)&#8221; parallax=&#8221;on&#8221; parallax_method=&#8221;off&#8221; parallax_effect=&#8221;on&#8221; module_bg_color=&#8221;rgba(255,255,255,0)&#8221; use_border_color=&#8221;off&#8221; border_color=&#8221;#ffffff&#8221; border_style=&#8221;solid&#8221; global_colors_info=&#8221;{}&#8221;]<br \/>\n[\/et_pb_post_title][\/et_pb_column][\/et_pb_row][et_pb_row column_structure=&#8221;2_3,1_3&#8243; _builder_version=&#8221;4.16&#8243; background_size=&#8221;initial&#8221; background_position=&#8221;top_left&#8221; background_repeat=&#8221;repeat&#8221; global_colors_info=&#8221;{}&#8221;][et_pb_column type=&#8221;2_3&#8243; _builder_version=&#8221;4.16&#8243; custom_padding=&#8221;|||&#8221; global_colors_info=&#8221;{}&#8221; custom_padding__hover=&#8221;|||&#8221;][et_pb_text admin_label=&#8221;Siftungsrat Listen ital&#8221; _builder_version=&#8221;4.27.5&#8243; background_size=&#8221;initial&#8221; background_position=&#8221;top_left&#8221; background_repeat=&#8221;repeat&#8221; hover_enabled=&#8221;0&#8243; use_border_color=&#8221;off&#8221; global_colors_info=&#8221;{}&#8221; sticky_enabled=&#8221;0&#8243;]<\/p>\n<h3>Membri al 01.01.2023<\/h3>\n<p><strong>Rappresentanti dei datori di lavoro<br \/><\/strong>Matthias M\u00fcnger, IG (Presidente)<br \/>Thomas Tribolet, SFP<br \/>Lilian L\u00fcthi, SFA<br \/>Gianclaudio Meyer, GSFA<br \/>Andreas Mikos, SFA<\/p>\n<p><strong>Rappresentanti dei lavoratori<br \/><\/strong>Daniel Br\u00fclhart, Istituzioni\/Suissimage (Vicepresidente)<br \/>Christian Schl\u00e4pfer, SSFV<br \/>Monica Rottmeyer, SSFV<br \/>Gabriela Kasperski,\u00a0ASP\/VPS<br \/>Roland Hurschler, ARF\/FDS<\/p>\n<p>Monika Wild, Gestione<\/p>\n<p>[\/et_pb_text][\/et_pb_column][et_pb_column type=&#8221;1_3&#8243; _builder_version=&#8221;4.16&#8243; custom_padding=&#8221;|||&#8221; global_colors_info=&#8221;{}&#8221; custom_padding__hover=&#8221;|||&#8221;][et_pb_text admin_label=&#8221;Quicklinks (global)&#8221; _builder_version=&#8221;4.18.1&#8243; background_size=&#8221;initial&#8221; background_position=&#8221;top_left&#8221; background_repeat=&#8221;repeat&#8221; use_border_color=&#8221;off&#8221; border_color=&#8221;#ffffff&#8221; border_style=&#8221;solid&#8221; global_module=&#8221;335&#8243; saved_tabs=&#8221;all&#8221; global_colors_info=&#8221;{}&#8221;][et_pb_row admin_label=&#8221;row&#8221; _builder_version=&#8221;4.16&#8243; background_size=&#8221;initial&#8221; background_position=&#8221;top_left&#8221; background_repeat=&#8221;repeat&#8221; global_colors_info=&#8221;{}&#8221;][et_pb_column type=&#8221;4_4&#8243; _builder_version=&#8221;4.16&#8243; custom_padding=&#8221;|||&#8221; global_colors_info=&#8221;{}&#8221; custom_padding__hover=&#8221;|||&#8221;][et_pb_text admin_label=&#8221;Text&#8221; _builder_version=&#8221;4.18.1&#8243; background_size=&#8221;initial&#8221; background_position=&#8221;top_left&#8221; background_repeat=&#8221;repeat&#8221; hover_enabled=&#8221;0&#8243; global_colors_info=&#8221;{}&#8221; sticky_enabled=&#8221;0&#8243;][et_pb_text admin_label=&#8221;Quicklinks (global)&#8221; saved_tabs=&#8221;all&#8221; template_type=&#8221;module&#8221; background_layout=&#8221;light&#8221; text_orientation=&#8221;left&#8221; use_border_color=&#8221;off&#8221; border_color=&#8221;#ffffff&#8221; border_style=&#8221;solid&#8221;]<\/p>\n<h2>Quick Links<\/h2>\n<p>\u2192 <a href=\"https:\/\/vfa.ch\/it\/chi-siamo\/contatti\/\">Contatti<\/a><br \/>\n\u2192 <a title=\"L636\" href=\"https:\/\/vfa.ch\/wp-content\/uploads\/L636-Notifica-liberi-professionalisti-e-lavoratori-indipendenti.pdf\" target=\"_blank\" rel=\"noopener noreferrer\">Domanda d&#8217;ammissione<\/a><br \/>\n\u2192 <a title=\"L655 PDF\" href=\"https:\/\/vfa.ch\/wp-content\/uploads\/L655.003_Modulo_di_conteggio_per_i_datori_di_lavori_di_liberi_professionisti.pdf\" target=\"_blank\" rel=\"noopener noreferrer\">Conteggio salario<\/a><\/p>\n<p>[\/et_pb_text][\/et_pb_column][\/et_pb_row][\/et_pb_section]<\/p>\n","protected":false},"excerpt":{"rendered":"<p>Membri al 01.01.2023 Rappresentanti dei datori di lavoroMatthias M\u00fcnger, IG (Presidente)Thomas Tribolet, SFPLilian L\u00fcthi, SFAGianclaudio Meyer, GSFAAndreas Mikos, SFA Rappresentanti dei lavoratoriDaniel Br\u00fclhart, Istituzioni\/Suissimage (Vicepresidente)Christian Schl\u00e4pfer, SSFVMonica Rottmeyer, SSFVGabriela Kasperski,\u00a0ASP\/VPSRoland Hurschler, ARF\/FDS Monika Wild, GestioneQuick Links \u2192 Contatti \u2192 Domanda d&#8217;ammissione \u2192 Conteggio salario<\/p>\n","protected":false},"author":5,"featured_media":649,"parent":1367,"menu_order":30,"comment_status":"closed","ping_status":"closed","template":"","meta":{"_acf_changed":false,"_et_pb_use_builder":"on","_et_pb_old_content":"","_et_gb_content_width":"","footnotes":""},"class_list":["post-1374","page","type-page","status-publish","has-post-thumbnail","hentry"],"acf":[],"_links":{"self":[{"href":"https:\/\/vfa-fpa.ch\/it\/wp-json\/wp\/v2\/pages\/1374","targetHints":{"allow":["GET"]}}],"collection":[{"href":"https:\/\/vfa-fpa.ch\/it\/wp-json\/wp\/v2\/pages"}],"about":[{"href":"https:\/\/vfa-fpa.ch\/it\/wp-json\/wp\/v2\/types\/page"}],"author":[{"embeddable":true,"href":"https:\/\/vfa-fpa.ch\/it\/wp-json\/wp\/v2\/users\/5"}],"replies":[{"embeddable":true,"href":"https:\/\/vfa-fpa.ch\/it\/wp-json\/wp\/v2\/comments?post=1374"}],"version-history":[{"count":19,"href":"https:\/\/vfa-fpa.ch\/it\/wp-json\/wp\/v2\/pages\/1374\/revisions"}],"predecessor-version":[{"id":3993,"href":"https:\/\/vfa-fpa.ch\/it\/wp-json\/wp\/v2\/pages\/1374\/revisions\/3993"}],"up":[{"embeddable":true,"href":"https:\/\/vfa-fpa.ch\/it\/wp-json\/wp\/v2\/pages\/1367"}],"wp:featuredmedia":[{"embeddable":true,"href":"https:\/\/vfa-fpa.ch\/it\/wp-json\/wp\/v2\/media\/649"}],"wp:attachment":[{"href":"https:\/\/vfa-fpa.ch\/it\/wp-json\/wp\/v2\/media?parent=1374"}],"curies":[{"name":"wp","href":"https:\/\/api.w.org\/{rel}","templated":true}]}}