{"id":45,"date":"2016-02-16T12:27:24","date_gmt":"2016-02-16T11:27:24","guid":{"rendered":"http:\/\/vfa.ch\/?page_id=45&#038;lang=fr"},"modified":"2025-10-16T17:44:50","modified_gmt":"2025-10-16T15:44:50","slug":"accueil","status":"publish","type":"page","link":"https:\/\/vfa-fpa.ch\/fr\/","title":{"rendered":"Fondation de pr\u00e9voyance film et audiovision fpa"},"content":{"rendered":"<p>[et_pb_section fb_built=\u00a0\u00bb1&Prime; admin_label=\u00a0\u00bbsection\u00a0\u00bb _builder_version=\u00a0\u00bb4.16&Prime; global_colors_info=\u00a0\u00bb{}\u00a0\u00bb][et_pb_row admin_label=\u00a0\u00bbZeile\u00a0\u00bb _builder_version=\u00a0\u00bb4.16&Prime; background_size=\u00a0\u00bbinitial\u00a0\u00bb background_position=\u00a0\u00bbtop_left\u00a0\u00bb background_repeat=\u00a0\u00bbrepeat\u00a0\u00bb global_colors_info=\u00a0\u00bb{}\u00a0\u00bb][et_pb_column type=\u00a0\u00bb4_4&Prime; _builder_version=\u00a0\u00bb4.16&Prime; custom_padding=\u00a0\u00bb|||\u00a0\u00bb global_colors_info=\u00a0\u00bb{}\u00a0\u00bb custom_padding__hover=\u00a0\u00bb|||\u00a0\u00bb][et_pb_post_title meta=\u00a0\u00bboff\u00a0\u00bb featured_placement=\u00a0\u00bbabove\u00a0\u00bb admin_label=\u00a0\u00bbPosttitel (wird von oben bezogen)\u00a0\u00bb _builder_version=\u00a0\u00bb4.16&Prime; title_all_caps=\u00a0\u00bboff\u00a0\u00bb background_color=\u00a0\u00bbrgba(255,255,255,0)\u00a0\u00bb parallax=\u00a0\u00bbon\u00a0\u00bb parallax_effect=\u00a0\u00bbon\u00a0\u00bb module_bg_color=\u00a0\u00bbrgba(255,255,255,0)\u00a0\u00bb use_border_color=\u00a0\u00bboff\u00a0\u00bb border_color=\u00a0\u00bb#ffffff\u00a0\u00bb border_style=\u00a0\u00bbsolid\u00a0\u00bb global_colors_info=\u00a0\u00bb{}\u00a0\u00bb]<br \/>\n[\/et_pb_post_title][\/et_pb_column][\/et_pb_row][et_pb_row column_structure=\u00a0\u00bb2_3,1_3&Prime; admin_label=\u00a0\u00bbrow\u00a0\u00bb _builder_version=\u00a0\u00bb4.16&Prime; background_size=\u00a0\u00bbinitial\u00a0\u00bb background_position=\u00a0\u00bbtop_left\u00a0\u00bb background_repeat=\u00a0\u00bbrepeat\u00a0\u00bb global_colors_info=\u00a0\u00bb{}\u00a0\u00bb][et_pb_column type=\u00a0\u00bb2_3&Prime; _builder_version=\u00a0\u00bb4.16&Prime; custom_padding=\u00a0\u00bb|||\u00a0\u00bb global_colors_info=\u00a0\u00bb{}\u00a0\u00bb custom_padding__hover=\u00a0\u00bb|||\u00a0\u00bb][et_pb_text admin_label=\u00a0\u00bbSolutions prevoyance\u00a0\u00bb _builder_version=\u00a0\u00bb4.16&Prime; background_size=\u00a0\u00bbinitial\u00a0\u00bb background_position=\u00a0\u00bbtop_left\u00a0\u00bb background_repeat=\u00a0\u00bbrepeat\u00a0\u00bb z_index_tablet=\u00a0\u00bb500&Prime; use_border_color=\u00a0\u00bboff\u00a0\u00bb global_colors_info=\u00a0\u00bb{}\u00a0\u00bb]<\/p>\n<p>Nos solutions de pr\u00e9voyance tiennent compte des besoins sp\u00e9cifiques des salari\u00e9s intermittents et des ind\u00e9pendantes, ainsi que des besoins des employ\u00e9s fixes des entreprises de la branche audiovisuelle.<\/p>\n<p>[\/et_pb_text][et_pb_text admin_label=\u00a0\u00bbInfos Okt 2021 f\u00a0\u00bb _builder_version=\u00a0\u00bb4.27.4&Prime; _module_preset=\u00a0\u00bbdefault\u00a0\u00bb hover_enabled=\u00a0\u00bb0&Prime; global_colors_info=\u00a0\u00bb{}\u00a0\u00bb sticky_enabled=\u00a0\u00bb0&Prime;]<\/p>\n<h3 style=\"font-weight: 400;\">R\u00e8glement de succession et nouveau si\u00e8ge \u00e0 Bonstetten<\/h3>\n<p>Le conseil de fondation de la Fondation de pr\u00e9voyance Film et Audiovision vfa\/fpa a organis\u00e9 la succession de Brigitte Zimmermann, qui s\u2019appr\u00eate \u00e0 prendre une retraite bien m\u00e9rit\u00e9e. Nous tenons d\u2019ores \u00e0 la remercier chaleureusement pour son engagement infatigable et extr\u00eamement pr\u00e9cieux en faveur de nos assur\u00e9s!<\/p>\n<p>Le secr\u00e9tariat et la direction sont d\u00e9sormais regroup\u00e9s dans de nouveaux locaux situ\u00e9s \u00e0 la Stallikerstrasse 1a, \u00e0 Bonstetten. Nous sommes \u00e9galement tr\u00e8s reconnaissants au SSFV pour son soutien comp\u00e9tent et de longue date dans la gestion de notre secr\u00e9tariat. Monika Wild, dipl\u00f4m\u00e9e en gestion de caisses de pension, est d\u00e9sormais responsable de toutes les questions organisationnelles en tant que sp\u00e9cialiste exp\u00e9riment\u00e9e disposant de connaissances tr\u00e8s \u00e9tendues et approfondies. Elle se fera \u00e9galement un plaisir de vous conseiller si vous souhaitez adh\u00e9rer \u00e0 la fondation de pr\u00e9voyance.<\/p>\n<h3 style=\"font-weight: 400;\">R\u00e9forme de la pr\u00e9voyance professionnelle \u2013 votation populaire du 22.09.2024<\/h3>\n<p style=\"font-weight: 400;\">La vfa a \u00e9t\u00e9 interrog\u00e9e de plusieurs c\u00f4t\u00e9s sur les effets de la r\u00e9forme de la pr\u00e9voyance professionnelle. En principe, nous pouvons signaler que la vfa propose depuis sa cr\u00e9ation des solutions progressistes pour une meilleure couverture des personnes \u00e0 bas revenus ainsi que des travailleurs \u00e0 temps partiel, car la plupart des plans de pr\u00e9voyance n&rsquo;assurent pas seulement le salaire LPP, mais l&rsquo;ensemble du salaire AVS.<\/p>\n<p style=\"font-weight: 400;\">Par ailleurs, la vfa a r\u00e9agi \u00e0 l&rsquo;augmentation de l&rsquo;esp\u00e9rance de vie ainsi qu&rsquo;\u00e0 l&rsquo;\u00e9volution des rendements et a d\u00e9j\u00e0 fait son travail dans la mesure o\u00f9 elle a introduit au 1er janvier 2023 un taux de conversion enveloppant uniforme de 5,4% (\u00e2ge 65 ans) avec des mesures de compensation.<\/p>\n<p><span style=\"font-weight: 400;\">La r\u00e9forme soumise au vote entra\u00eenerait n\u00e9anmoins des adaptations des plans de la vfa, surtout dans le plan de pr\u00e9voyance A, puisque seul le salaire LPP y est assur\u00e9. Il n&rsquo;est toutefois pas possible de faire des d\u00e9clarations g\u00e9n\u00e9rales sur les cons\u00e9quences concr\u00e8tes, car celles-ci d\u00e9pendent de la situation individuelle (notamment du plan de pr\u00e9voyance, du salaire, du montant de l&rsquo;avoir de vieillesse, de l&rsquo;\u00e2ge).<\/span><\/p>\n<h3><span lang=\"FR-CH\">Modification du plan de pr\u00e9voyance SF (intermittents et ind\u00e9pendants)\u00a0<\/span><\/h3>\n<p><strong>A partir du 1.1.2024<\/strong>, le plan famille et le plan personne seule seront r\u00e9unis en un seul plan de pr\u00e9voyance SF. Les avantages de chaque variante de plan &#8211; prestation de d\u00e9c\u00e8s plus \u00e9lev\u00e9e pour le conjoint\/partenaire et les enfants du plan famille ainsi que la prestation d&rsquo;invalidit\u00e9 plus importante du plan personne seule &#8211; sont maintenus et s&rsquo;appliquent d\u00e9sormais \u00e0 tous les assur\u00e9s du plan SF.<\/p>\n<h3>Changement de syst\u00e8me en 2023<\/h3>\n<p>Nous sommes confront\u00e9s \u00e0 une migration de syst\u00e8me au 01.01.2023. Nous attirons donc votre attention sur le fait que toutes les d\u00e9clarations et corrections 2022 doivent imp\u00e9rativement nous \u00eatre communiqu\u00e9es <strong>avant le 31.12.2022<\/strong>. Apr\u00e8s la cl\u00f4ture de l&rsquo;ann\u00e9e et la migration r\u00e9ussie vers le nouveau syst\u00e8me, nous ne pourrons malheureusement plus proc\u00e9der \u00e0 des corrections dans les ann\u00e9es pr\u00e9c\u00e9dentes. Toutes les d\u00e9clarations peuvent \u00eatre envoy\u00e9es par courrier ou par e-mail \u00e0 <a href=\"&#109;&#x61;&#105;&#x6c;t&#111;&#x3a;&#118;&#x66;a&#x2d;f&#112;&#x61;&#64;&#x61;l&#x6c;&#x76;&#105;&#x73;a&#x2d;s&#101;&#x72;&#118;&#x69;c&#x65;s&#46;&#x63;&#104;\">&#118;f&#x61;-&#x66;p&#x61;&#64;&#x61;&#108;&#x6c;&#118;i&#x73;a&#x2d;s&#x65;&#114;&#x76;&#105;&#x63;&#101;&#x73;&#46;c&#x68;<\/a>.<\/p>\n<h3><span lang=\"FR-CH\">Changement du bureau de gestion \u00e0 partir du 01.01.2022<\/span><\/h3>\n<p><span lang=\"FR-CH\">Notre bureau de gestion qui \u00e9tait \u00e9tabli aupr\u00e8s de AXA Pension Solutions SA (APS) &#8211; une filiale de AXA &#8211; \u00e9tait reprise par Allvisa Services SA au 1<sup>er<\/sup> janvier 2022. <\/span><\/p>\n<h2><a href=\"https:\/\/vfa-fpa.ch\/wp-content\/uploads\/Elements-cles-de-la-reform.pdf\" target=\"_blank\" rel=\"attachment noopener wp-att-2694\">Information<\/a><\/h2>\n<p><a href=\"https:\/\/vfa-fpa.ch\/wp-content\/uploads\/Elements-cles-de-la-reform.pdf\" target=\"_blank\" rel=\"attachment noopener wp-att-2694\">Introduction d\u2019un taux de conversion enveloppant uniforme et mesures compensatoires au 1er janvier 2023 (PDF)<\/a><\/p>\n<p>&nbsp;<\/p>\n<p>[\/et_pb_text][\/et_pb_column][et_pb_column type=\u00a0\u00bb1_3&Prime; _builder_version=\u00a0\u00bb4.16&Prime; custom_padding=\u00a0\u00bb|||\u00a0\u00bb global_colors_info=\u00a0\u00bb{}\u00a0\u00bb custom_padding__hover=\u00a0\u00bb|||\u00a0\u00bb][et_pb_text admin_label=\u00a0\u00bbQuicklinks (global)\u00a0\u00bb _builder_version=\u00a0\u00bb4.18.1&Prime; background_size=\u00a0\u00bbinitial\u00a0\u00bb background_position=\u00a0\u00bbtop_left\u00a0\u00bb background_repeat=\u00a0\u00bbrepeat\u00a0\u00bb use_border_color=\u00a0\u00bboff\u00a0\u00bb border_color=\u00a0\u00bb#ffffff\u00a0\u00bb border_style=\u00a0\u00bbsolid\u00a0\u00bb global_module=\u00a0\u00bb706&Prime; saved_tabs=\u00a0\u00bball\u00a0\u00bb global_colors_info=\u00a0\u00bb{}\u00a0\u00bb][et_pb_row admin_label=\u00a0\u00bbrow\u00a0\u00bb _builder_version=\u00a0\u00bb4.16&Prime; background_size=\u00a0\u00bbinitial\u00a0\u00bb background_position=\u00a0\u00bbtop_left\u00a0\u00bb background_repeat=\u00a0\u00bbrepeat\u00a0\u00bb global_colors_info=\u00a0\u00bb{}\u00a0\u00bb][et_pb_column type=\u00a0\u00bb4_4&Prime; _builder_version=\u00a0\u00bb4.16&Prime; custom_padding=\u00a0\u00bb|||\u00a0\u00bb global_colors_info=\u00a0\u00bb{}\u00a0\u00bb custom_padding__hover=\u00a0\u00bb|||\u00a0\u00bb][et_pb_text admin_label=\u00a0\u00bbText\u00a0\u00bb _builder_version=\u00a0\u00bb4.27.4&Prime; background_size=\u00a0\u00bbinitial\u00a0\u00bb background_position=\u00a0\u00bbtop_left\u00a0\u00bb background_repeat=\u00a0\u00bbrepeat\u00a0\u00bb hover_enabled=\u00a0\u00bb0&Prime; global_colors_info=\u00a0\u00bb{}\u00a0\u00bb sticky_enabled=\u00a0\u00bb0&Prime;][et_pb_text admin_label=\u00a0\u00bbQuicklinks (global)\u00a0\u00bb _builder_version=\u00a0\u00bb4.21.0&Prime; use_border_color=\u00a0\u00bboff\u00a0\u00bb border_color=\u00a0\u00bb#ffffff\u00a0\u00bb saved_tabs=\u00a0\u00bball\u00a0\u00bb template_type=\u00a0\u00bbmodule\u00a0\u00bb sticky_enabled=\u00a0\u00bb0&Prime;][et_pb_row admin_label=\u00a0\u00bbrow\u00a0\u00bb _builder_version=\u00a0\u00bb4.18.1&Prime; background_size=\u00a0\u00bbinitial\u00a0\u00bb background_position=\u00a0\u00bbtop_left\u00a0\u00bb background_repeat=\u00a0\u00bbrepeat\u00a0\u00bb hover_enabled=\u00a0\u00bb0&Prime; global_colors_info=\u00a0\u00bb{}\u00a0\u00bb sticky_enabled=\u00a0\u00bb0&Prime;][et_pb_column type=\u00a0\u00bb4_4&Prime; _builder_version=\u00a0\u00bb4.16&Prime; custom_padding=\u00a0\u00bb|||\u00a0\u00bb global_colors_info=\u00a0\u00bb{}\u00a0\u00bb custom_padding__hover=\u00a0\u00bb|||\u00a0\u00bb][et_pb_text admin_label=\u00a0\u00bbText\u00a0\u00bb _builder_version=\u00a0\u00bb4.18.1&Prime; background_size=\u00a0\u00bbinitial\u00a0\u00bb background_position=\u00a0\u00bbtop_left\u00a0\u00bb background_repeat=\u00a0\u00bbrepeat\u00a0\u00bb hover_enabled=\u00a0\u00bb0&Prime; global_colors_info=\u00a0\u00bb{}\u00a0\u00bb sticky_enabled=\u00a0\u00bb0&Prime;][et_pb_text admin_label=\u00a0\u00bbQuicklinks (global)\u00a0\u00bb saved_tabs=\u00a0\u00bball\u00a0\u00bb template_type=\u00a0\u00bbmodule\u00a0\u00bb background_layout=\u00a0\u00bblight\u00a0\u00bb text_orientation=\u00a0\u00bbleft\u00a0\u00bb use_border_color=\u00a0\u00bboff\u00a0\u00bb border_color=\u00a0\u00bb#ffffff\u00a0\u00bb border_style=\u00a0\u00bbsolid\u00a0\u00bb]<\/p>\n<h2>Liens rapides<\/h2>\n<p>\u2192 <a href=\"https:\/\/vfa-fpa.ch\/fr\/portrait\/contact\/\">Contact<\/a><br \/>\u2192 <a title=\"L636 Annonce intermittents et ind\u00e9pendants PDF\" href=\"https:\/\/vfa.ch\/wp-content\/uploads\/L636-Annonce-intermittents-et-independants.pdf\" target=\"_blank\" rel=\"noopener\">Inscription<\/a><br \/>\u2192 D\u00e9compte <a href=\"https:\/\/vfa-fpa.ch\/wp-content\/uploads\/L655-Formulaire-de-decompte-pour-les-employeurs-dintermittents-FPA.pdf\" target=\"_blank\" rel=\"noopener\">PDF<\/a> \u00b7 <a title=\"L655 Formulaire de decompte pour les employeurs d'intermittents Excel\" href=\"https:\/\/vfa.ch\/wp-content\/uploads\/L655-Formulaire-de-decompte-pour-les-employeurs-dintermittents-FPA.xlsx\">Excel<\/a><\/p>\n<p>[\/et_pb_text][\/et_pb_column][\/et_pb_row][\/et_pb_section]<\/p>\n","protected":false},"excerpt":{"rendered":"<p>Nos solutions de pr\u00e9voyance tiennent compte des besoins sp\u00e9cifiques des salari\u00e9s intermittents et des ind\u00e9pendantes, ainsi que des besoins des employ\u00e9s fixes des entreprises de la branche audiovisuelle.R\u00e8glement de succession et nouveau si\u00e8ge \u00e0 Bonstetten Le conseil de fondation de la Fondation de pr\u00e9voyance Film et Audiovision vfa\/fpa a organis\u00e9 la succession de Brigitte Zimmermann, [&hellip;]<\/p>\n","protected":false},"author":5,"featured_media":697,"parent":0,"menu_order":0,"comment_status":"closed","ping_status":"closed","template":"","meta":{"_acf_changed":false,"_et_pb_use_builder":"on","_et_pb_old_content":"","_et_gb_content_width":"","footnotes":""},"class_list":["post-45","page","type-page","status-publish","has-post-thumbnail","hentry"],"acf":[],"_links":{"self":[{"href":"https:\/\/vfa-fpa.ch\/fr\/wp-json\/wp\/v2\/pages\/45","targetHints":{"allow":["GET"]}}],"collection":[{"href":"https:\/\/vfa-fpa.ch\/fr\/wp-json\/wp\/v2\/pages"}],"about":[{"href":"https:\/\/vfa-fpa.ch\/fr\/wp-json\/wp\/v2\/types\/page"}],"author":[{"embeddable":true,"href":"https:\/\/vfa-fpa.ch\/fr\/wp-json\/wp\/v2\/users\/5"}],"replies":[{"embeddable":true,"href":"https:\/\/vfa-fpa.ch\/fr\/wp-json\/wp\/v2\/comments?post=45"}],"version-history":[{"count":54,"href":"https:\/\/vfa-fpa.ch\/fr\/wp-json\/wp\/v2\/pages\/45\/revisions"}],"predecessor-version":[{"id":3887,"href":"https:\/\/vfa-fpa.ch\/fr\/wp-json\/wp\/v2\/pages\/45\/revisions\/3887"}],"wp:featuredmedia":[{"embeddable":true,"href":"https:\/\/vfa-fpa.ch\/fr\/wp-json\/wp\/v2\/media\/697"}],"wp:attachment":[{"href":"https:\/\/vfa-fpa.ch\/fr\/wp-json\/wp\/v2\/media?parent=45"}],"curies":[{"name":"wp","href":"https:\/\/api.w.org\/{rel}","templated":true}]}}