{"id":1943,"date":"2019-11-14T15:05:13","date_gmt":"2019-11-14T14:05:13","guid":{"rendered":"http:\/\/vfa.ch\/?page_id=1943"},"modified":"2021-07-22T14:02:41","modified_gmt":"2021-07-22T12:02:41","slug":"prevoyance-semi-autonome-a-partir-du-1er-janvier-2020","status":"publish","type":"page","link":"https:\/\/vfa-fpa.ch\/fr\/portrait\/prevoyance-semi-autonome-a-partir-du-1er-janvier-2020\/","title":{"rendered":"Pr\u00e9voyance semi-autonome"},"content":{"rendered":"<p>[et_pb_section fb_built=\u00a0\u00bb1&Prime; admin_label=\u00a0\u00bbsection\u00a0\u00bb _builder_version=\u00a0\u00bb3.22&Prime;][et_pb_row admin_label=\u00a0\u00bbrow\u00a0\u00bb _builder_version=\u00a0\u00bb3.25&Prime; background_size=\u00a0\u00bbinitial\u00a0\u00bb background_position=\u00a0\u00bbtop_left\u00a0\u00bb background_repeat=\u00a0\u00bbrepeat\u00a0\u00bb][et_pb_column type=\u00a0\u00bb4_4&Prime; _builder_version=\u00a0\u00bb3.25&Prime; custom_padding=\u00a0\u00bb|||\u00a0\u00bb custom_padding__hover=\u00a0\u00bb|||\u00a0\u00bb][et_pb_post_title meta=\u00a0\u00bboff\u00a0\u00bb featured_image=\u00a0\u00bboff\u00a0\u00bb _builder_version=\u00a0\u00bb4.9.9&Prime; _module_preset=\u00a0\u00bbdefault\u00a0\u00bb][\/et_pb_post_title][\/et_pb_column][\/et_pb_row][et_pb_row column_structure=\u00a0\u00bb2_3,1_3&Prime; _builder_version=\u00a0\u00bb4.9.9&Prime; _module_preset=\u00a0\u00bbdefault\u00a0\u00bb][et_pb_column type=\u00a0\u00bb2_3&Prime; _builder_version=\u00a0\u00bb4.9.9&Prime; _module_preset=\u00a0\u00bbdefault\u00a0\u00bb][et_pb_text admin_label=\u00a0\u00bbTexte&#8230;\u00a0\u00bb _builder_version=\u00a0\u00bb4.9.9&Prime; _module_preset=\u00a0\u00bbdefault\u00a0\u00bb]<strong>Information importante concernant le passage \u00e0 une solution de pr\u00e9voyance semi-autonome \u00e0 partir du 1er janvier 2020<\/strong><\/p>\n<p>\u00c0 la suite du passage annonc\u00e9 \u00e0 une solution de pr\u00e9voyance semi-autonome \u00e0 compter du 1<sup>er<\/sup> janvier 2020, nous vous prions de nous annoncer avant le 31 d\u00e9cembre 2019 toutes les mutations de personnel et adaptions salariales relatives \u00e0 l\u2019ann\u00e9e 2019. Si vous avez des modifications \u00e0 d\u00e9clarer, veuillez nous les annoncer par \u00e9crit avant <strong>le 31 d\u00e9cembre 2019<\/strong> (au moyen du talon-r\u00e9ponse, d\u2019un formulaire ou d\u2019un e-mail adress\u00e9 \u00e0 <a href=\"&#109;&#x61;&#x69;l&#116;&#x6f;:&#105;&#x6e;f&#111;&#x40;v&#102;&#x61;&#x2d;&#102;&#x70;&#x61;&#46;&#99;&#x68;\">&#105;&#110;&#x66;o&#64;&#x76;&#x66;a&#46;&#x2d;&#x66;p&#97;&#x2e;&#x63;h<\/a>).<\/p>\n<p><strong>Veuillez noter qu\u2019exceptionnellement, aucune mutation r\u00e9troactive ne pourra \u00eatre effectu\u00e9e dans l\u2019ancienne solution d\u2019assurance compl\u00e8te en raison de contraintes techniques li\u00e9es au changement de syst\u00e8me.<\/strong><\/p>\n<p>Si vous avez des questions, n\u2019h\u00e9sitez pas \u00e0 vous adresser au bureau de gestion.<br \/>\nNous vous remercions de votre compr\u00e9hension et de votre coop\u00e9ration.<\/p>\n<p>&nbsp;[\/et_pb_text][\/et_pb_column][et_pb_column type=\u00a0\u00bb1_3&Prime; _builder_version=\u00a0\u00bb4.9.9&Prime; _module_preset=\u00a0\u00bbdefault\u00a0\u00bb][et_pb_text admin_label=\u00a0\u00bbQuicklinks (global)\u00a0\u00bb _builder_version=\u00a0\u00bb3.27.4&Prime; background_size=\u00a0\u00bbinitial\u00a0\u00bb background_position=\u00a0\u00bbtop_left\u00a0\u00bb background_repeat=\u00a0\u00bbrepeat\u00a0\u00bb use_border_color=\u00a0\u00bboff\u00a0\u00bb border_color=\u00a0\u00bb#ffffff\u00a0\u00bb border_style=\u00a0\u00bbsolid\u00a0\u00bb saved_tabs=\u00a0\u00bball\u00a0\u00bb]<\/p>\n<h2>Liens rapides<\/h2>\n<p>\u2192 <a href=\"http:\/\/vfa.ch\/fr\/portrait\/contact\/\">Contact<\/a><br \/>\n\u2192 <a title=\"L636 Annonce intermittents et ind\u00e9pendants PDF\" href=\"http:\/\/vfa.ch\/wp-content\/uploads\/L636-Annonce-intermittents-et-independants.pdf\" target=\"_blank\" rel=\"noopener\">Inscription<\/a><br \/>\n\u2192 D\u00e9compte <a title=\"L655 Formulaire de decompte pour les employeurs d'intermittents PDF\" href=\"http:\/\/vfa.ch\/wp-content\/uploads\/L655-Formulaire-de-decompte-pour-les-employeurs-dintermittents-FPA.pdf\" target=\"_blank\" rel=\"noopener\">PDF<\/a> \u00b7 <a title=\"L655 Formulaire de decompte pour les employeurs d'intermittents Excel\" href=\"http:\/\/vfa.ch\/wp-content\/uploads\/L655-Formulaire-de-decompte-pour-les-employeurs-dintermittents-FPA.xlsx\">Excel<\/a><br \/>\n[\/et_pb_text][\/et_pb_column][\/et_pb_row][\/et_pb_section]<\/p>\n","protected":false},"excerpt":{"rendered":"<p>Information importante concernant le passage \u00e0 une solution de pr\u00e9voyance semi-autonome \u00e0 partir du 1er janvier 2020 \u00c0 la suite du passage annonc\u00e9 \u00e0 une solution de pr\u00e9voyance semi-autonome \u00e0 compter du 1er janvier 2020, nous vous prions de nous annoncer avant le 31 d\u00e9cembre 2019 toutes les mutations de personnel et adaptions salariales relatives [&hellip;]<\/p>\n","protected":false},"author":4,"featured_media":0,"parent":731,"menu_order":100,"comment_status":"closed","ping_status":"closed","template":"","meta":{"_acf_changed":false,"_et_pb_use_builder":"on","_et_pb_old_content":"","_et_gb_content_width":"","footnotes":""},"class_list":["post-1943","page","type-page","status-publish","hentry"],"acf":[],"_links":{"self":[{"href":"https:\/\/vfa-fpa.ch\/fr\/wp-json\/wp\/v2\/pages\/1943","targetHints":{"allow":["GET"]}}],"collection":[{"href":"https:\/\/vfa-fpa.ch\/fr\/wp-json\/wp\/v2\/pages"}],"about":[{"href":"https:\/\/vfa-fpa.ch\/fr\/wp-json\/wp\/v2\/types\/page"}],"author":[{"embeddable":true,"href":"https:\/\/vfa-fpa.ch\/fr\/wp-json\/wp\/v2\/users\/4"}],"replies":[{"embeddable":true,"href":"https:\/\/vfa-fpa.ch\/fr\/wp-json\/wp\/v2\/comments?post=1943"}],"version-history":[{"count":8,"href":"https:\/\/vfa-fpa.ch\/fr\/wp-json\/wp\/v2\/pages\/1943\/revisions"}],"predecessor-version":[{"id":2609,"href":"https:\/\/vfa-fpa.ch\/fr\/wp-json\/wp\/v2\/pages\/1943\/revisions\/2609"}],"up":[{"embeddable":true,"href":"https:\/\/vfa-fpa.ch\/fr\/wp-json\/wp\/v2\/pages\/731"}],"wp:attachment":[{"href":"https:\/\/vfa-fpa.ch\/fr\/wp-json\/wp\/v2\/media?parent=1943"}],"curies":[{"name":"wp","href":"https:\/\/api.w.org\/{rel}","templated":true}]}}